{"id":937,"date":"2024-04-01T14:20:28","date_gmt":"2024-04-01T14:20:28","guid":{"rendered":"https:\/\/iglesiatrinity.com\/?page_id=937"},"modified":"2025-06-18T16:07:12","modified_gmt":"2025-06-18T16:07:12","slug":"instituto-biblico-trinity","status":"publish","type":"page","link":"https:\/\/iglesiatrinity.com\/en\/instituto-biblico-trinity\/","title":{"rendered":"Trinity Bible Institute"},"content":{"rendered":"<div data-elementor-type=\"wp-page\" data-elementor-id=\"937\" class=\"elementor elementor-937\" data-elementor-post-type=\"page\">\n\t\t\t\t\t\t<section class=\"elementor-section elementor-top-section elementor-element elementor-element-ab60919 elementor-section-boxed elementor-section-height-default elementor-section-height-default\" data-id=\"ab60919\" data-element_type=\"section\" data-settings=\"{&quot;background_background&quot;:&quot;classic&quot;}\">\n\t\t\t\t\t\t\t<div class=\"elementor-background-overlay\"><\/div>\n\t\t\t\t\t\t\t<div class=\"elementor-container elementor-column-gap-default\">\n\t\t\t\t\t<div class=\"elementor-column elementor-col-100 elementor-top-column elementor-element elementor-element-1c64357\" data-id=\"1c64357\" data-element_type=\"column\">\n\t\t\t<div class=\"elementor-widget-wrap elementor-element-populated\">\n\t\t\t\t\t\t<div class=\"elementor-element elementor-element-e61620a elementor-widget elementor-widget-heading\" data-id=\"e61620a\" data-element_type=\"widget\" data-widget_type=\"heading.default\">\n\t\t\t\t<div class=\"elementor-widget-container\">\n\t\t\t\t\t<h2 class=\"elementor-heading-title elementor-size-default\">Trinity Bible Institute opens in fall 2024<\/h2>\t\t\t\t<\/div>\n\t\t\t\t<\/div>\n\t\t\t\t\t<\/div>\n\t\t<\/div>\n\t\t\t\t\t<\/div>\n\t\t<\/section>\n\t\t\t\t<section class=\"elementor-section elementor-top-section elementor-element elementor-element-6674a59 elementor-section-boxed elementor-section-height-default elementor-section-height-default\" data-id=\"6674a59\" data-element_type=\"section\" data-settings=\"{&quot;background_background&quot;:&quot;classic&quot;}\">\n\t\t\t\t\t\t<div class=\"elementor-container elementor-column-gap-default\">\n\t\t\t\t\t<div class=\"elementor-column elementor-col-100 elementor-top-column elementor-element elementor-element-2bffb1e\" data-id=\"2bffb1e\" data-element_type=\"column\">\n\t\t\t<div class=\"elementor-widget-wrap elementor-element-populated\">\n\t\t\t\t\t\t<div class=\"elementor-element elementor-element-b6a3530 elementor-widget elementor-widget-text-editor\" data-id=\"b6a3530\" data-element_type=\"widget\" data-widget_type=\"text-editor.default\">\n\t\t\t\t<div class=\"elementor-widget-container\">\n\t\t\t\t\t\t\t\t\t<p><b>REACHING OUT<\/b> <span style=\"font-weight: 400;\">the World\u2026<\/span><b>TEACHING<\/b> <span style=\"font-weight: 400;\">the Word\u2026<\/span><b>CARING<\/b> <span style=\"font-weight: 400;\">The Work of Christ<\/span><\/p><p>\u00a0<\/p><p><span style=\"font-weight: 400;\">We are honored that you are considering Trinity Bible Institute (TBI) to further your Christian education. The TBI program maintains a solid biblical foundation and is designed with practical application to lead our students to a deeper understanding of God&#039;s Holy Word.<\/span><\/p><p>\u00a0<\/p><p><span style=\"font-weight: 400;\">Our prayer for years has been to expand our in-person IBT program to students outside of our local community and God\u2019s timing and provisions have made this possible. The in-person IBT program at our campus has launched satellite locations to help facilitate the education of many students and in the fall of 2020, IBT launched the first online class program. IBT has also been honored to offer other educational programs in the following areas: In 2023, we began the prison education ministry called, \u201cMas Alla de las Rejas\u201d and in the fall of 2024, we will begin our newest IBT program in Spanish, \u201cMas Alla de las Fronteras.\u201d\u00a0<\/span><\/p><p>\u00a0<\/p><p><span style=\"font-weight: 400;\">God has truly blessed IBT! We are excited about these opportunities and look forward to our journey together for the cause of Christ.<\/span><\/p><p>\u00a0<\/p><p><span style=\"font-weight: 400;\">IBT was founded in 2011 under the leadership of Dr. Ricky D. Cope, who is the senior pastor of Trinity Baptist Church in Lancaster, South Carolina, USA. Dean Dr. Ricky Cope believes that the main deficiency in the local church today is the lack of training of the saints for the ministry of the gospel. We live in a world that is in constant spiritual and moral decline mainly because the Church of Jesus Christ has lost its vision of teaching and preparing the next generation of Christians. Trinity Church has a firm conviction of educating each person that God puts in our path and for this reason, the idea of founding IBT was born.<\/span><\/p><p>\u00a0<\/p><p><span style=\"font-weight: 400;\">Today in the year 2024 we have the honor of launching the Spanish Bible Institute under the leadership of Pastor Martin Lobo, who is also the Pastor and founder of Trinity Church of Indian Land SC.\u00a0<\/span><\/p><p>\u00a0<\/p><p><span style=\"font-weight: 400;\">In an ecclesiastical world devoid of biblical ideas and principles, IBT clings to the Doctrine of Jesus Christ in its purest form, teaching the whole counsel of God.<\/span><\/p><p><br \/><br \/><\/p><p><i><span style=\"font-weight: 400;\">\u201cMy people are destroyed for lack of knowledge\u2026\u201d Hosea 4:6<\/span><\/i><\/p><p><br \/><br \/><\/p>\t\t\t\t\t\t\t\t<\/div>\n\t\t\t\t<\/div>\n\t\t\t\t<div class=\"elementor-element elementor-element-63f57ca elementor-widget elementor-widget-accordion\" data-id=\"63f57ca\" data-element_type=\"widget\" data-widget_type=\"accordion.default\">\n\t\t\t\t<div class=\"elementor-widget-container\">\n\t\t\t\t\t\t\t<div class=\"elementor-accordion\">\n\t\t\t\t\t\t\t<div class=\"elementor-accordion-item\">\n\t\t\t\t\t<div id=\"elementor-tab-title-1041\" class=\"elementor-tab-title\" data-tab=\"1\" role=\"button\" aria-controls=\"elementor-tab-content-1041\" aria-expanded=\"false\">\n\t\t\t\t\t\t\t\t\t\t\t\t\t<span class=\"elementor-accordion-icon elementor-accordion-icon-left\" aria-hidden=\"true\">\n\t\t\t\t\t\t\t\t\t\t\t\t\t\t\t<span class=\"elementor-accordion-icon-closed\"><i class=\"fas fa-plus\"><\/i><\/span>\n\t\t\t\t\t\t\t\t<span class=\"elementor-accordion-icon-opened\"><i class=\"fas fa-minus\"><\/i><\/span>\n\t\t\t\t\t\t\t\t\t\t\t\t\t\t<\/span>\n\t\t\t\t\t\t\t\t\t\t\t\t<a class=\"elementor-accordion-title\" tabindex=\"0\">What to Expect at Our Facilities<\/a>\n\t\t\t\t\t<\/div>\n\t\t\t\t\t<div id=\"elementor-tab-content-1041\" class=\"elementor-tab-content elementor-clearfix\" data-tab=\"1\" role=\"region\" aria-labelledby=\"elementor-tab-title-1041\"><ul><li style=\"font-weight: 400;\" aria-level=\"1\"><span style=\"font-weight: 400;\">Students are required to attend a weekly on-site class and complete the corresponding assignment(s).<\/span><\/li><li style=\"font-weight: 400;\" aria-level=\"1\"><span style=\"font-weight: 400;\">Homework is assigned weekly and must be completed using the online student portal before the start of the next class.<\/span><\/li><li style=\"font-weight: 400;\" aria-level=\"1\"><span style=\"font-weight: 400;\">Orientation for students is mandatory. Students who are unable to attend orientation cannot begin class and must wait until orientation is offered at the beginning of the next school year (fall).<\/span><\/li><li style=\"font-weight: 400;\" aria-level=\"1\"><span style=\"font-weight: 400;\">The Bylaws, Code of Conduct and Disciplinary Policy will be reviewed at Orientation to promote unity.\u00a0<\/span><\/li><li style=\"font-weight: 400;\" aria-level=\"1\"><span style=\"font-weight: 400;\">Attendance is highly necessary and impacts successful completion of the course.<\/span><\/li><\/ul><\/div>\n\t\t\t\t<\/div>\n\t\t\t\t\t\t\t<div class=\"elementor-accordion-item\">\n\t\t\t\t\t<div id=\"elementor-tab-title-1042\" class=\"elementor-tab-title\" data-tab=\"2\" role=\"button\" aria-controls=\"elementor-tab-content-1042\" aria-expanded=\"false\">\n\t\t\t\t\t\t\t\t\t\t\t\t\t<span class=\"elementor-accordion-icon elementor-accordion-icon-left\" aria-hidden=\"true\">\n\t\t\t\t\t\t\t\t\t\t\t\t\t\t\t<span class=\"elementor-accordion-icon-closed\"><i class=\"fas fa-plus\"><\/i><\/span>\n\t\t\t\t\t\t\t\t<span class=\"elementor-accordion-icon-opened\"><i class=\"fas fa-minus\"><\/i><\/span>\n\t\t\t\t\t\t\t\t\t\t\t\t\t\t<\/span>\n\t\t\t\t\t\t\t\t\t\t\t\t<a class=\"elementor-accordion-title\" tabindex=\"0\">What to Expect Online<\/a>\n\t\t\t\t\t<\/div>\n\t\t\t\t\t<div id=\"elementor-tab-content-1042\" class=\"elementor-tab-content elementor-clearfix\" data-tab=\"2\" role=\"region\" aria-labelledby=\"elementor-tab-title-1042\"><ul><li style=\"font-weight: 400;\" aria-level=\"1\"><span style=\"font-weight: 400;\">Class (via video), handouts, and homework assignments posted weekly on the student portal<\/span><\/li><li style=\"font-weight: 400;\" aria-level=\"1\"><span style=\"font-weight: 400;\">Assignments, handouts, and homework are posted at 8:00 am on Monday and close the following Monday at 8:00 am.\u00a0<\/span><\/li><li style=\"font-weight: 400;\" aria-level=\"1\"><span style=\"font-weight: 400;\">Weekly homework assignments must be completed and turned in within the 7 day period (Monday to Monday)\u00a0<\/span><\/li><li style=\"font-weight: 400;\" aria-level=\"1\"><span style=\"font-weight: 400;\">Students must log in weekly to view course material (videos, handouts, etc.) and complete assignment(s).<\/span><\/li><li style=\"font-weight: 400;\" aria-level=\"1\"><span style=\"font-weight: 400;\">The Bylaws, Code of Conduct, and Disciplinary Policy will be reviewed at Orientation to promote the unity of the body of Christ.<\/span><\/li><\/ul><\/div>\n\t\t\t\t<\/div>\n\t\t\t\t\t\t\t\t<\/div>\n\t\t\t\t\t\t<\/div>\n\t\t\t\t<\/div>\n\t\t\t\t<div class=\"elementor-element elementor-element-344518e elementor-widget elementor-widget-heading\" data-id=\"344518e\" data-element_type=\"widget\" data-widget_type=\"heading.default\">\n\t\t\t\t<div class=\"elementor-widget-container\">\n\t\t\t\t\t<h2 class=\"elementor-heading-title elementor-size-default\">Curriculum Overview<\/h2>\t\t\t\t<\/div>\n\t\t\t\t<\/div>\n\t\t\t\t<div class=\"elementor-element elementor-element-b9fc50d elementor-widget elementor-widget-text-editor\" data-id=\"b9fc50d\" data-element_type=\"widget\" data-widget_type=\"text-editor.default\">\n\t\t\t\t<div class=\"elementor-widget-container\">\n\t\t\t\t\t\t\t\t\t<p><span style=\"font-weight: 400;\">The annual school calendar runs from autumn to spring and consists of two courses:<\/span><\/p><p><span style=\"font-weight: 400;\">Fall Course \u2014 10 weeks<\/span><\/p><p><span style=\"font-weight: 400;\">Winter\/Spring Course \u2014 12 weeks<\/span><\/p>\t\t\t\t\t\t\t\t<\/div>\n\t\t\t\t<\/div>\n\t\t\t\t<div class=\"elementor-element elementor-element-fc89510 elementor-tabs-view-vertical elementor-widget elementor-widget-tabs\" data-id=\"fc89510\" data-element_type=\"widget\" data-widget_type=\"tabs.default\">\n\t\t\t\t<div class=\"elementor-widget-container\">\n\t\t\t\t\t\t\t<div class=\"elementor-tabs\">\n\t\t\t<div class=\"elementor-tabs-wrapper\" role=\"tablist\" >\n\t\t\t\t\t\t\t\t\t<div id=\"elementor-tab-title-2641\" class=\"elementor-tab-title elementor-tab-desktop-title\" aria-selected=\"true\" data-tab=\"1\" role=\"tab\" tabindex=\"0\" aria-controls=\"elementor-tab-content-2641\" aria-expanded=\"false\">Associate in Theology<\/div>\n\t\t\t\t\t\t\t\t\t<div id=\"elementor-tab-title-2642\" class=\"elementor-tab-title elementor-tab-desktop-title\" aria-selected=\"false\" data-tab=\"2\" role=\"tab\" tabindex=\"-1\" aria-controls=\"elementor-tab-content-2642\" aria-expanded=\"false\">Bachelor of Christian Ministry<\/div>\n\t\t\t\t\t\t\t\t\t<div id=\"elementor-tab-title-2643\" class=\"elementor-tab-title elementor-tab-desktop-title\" aria-selected=\"false\" data-tab=\"3\" role=\"tab\" tabindex=\"-1\" aria-controls=\"elementor-tab-content-2643\" aria-expanded=\"false\">Master of Arts in Biblical Counseling:<\/div>\n\t\t\t\t\t\t\t<\/div>\n\t\t\t<div class=\"elementor-tabs-content-wrapper\" role=\"tablist\" aria-orientation=\"vertical\">\n\t\t\t\t\t\t\t\t\t<div class=\"elementor-tab-title elementor-tab-mobile-title\" aria-selected=\"true\" data-tab=\"1\" role=\"tab\" tabindex=\"0\" aria-controls=\"elementor-tab-content-2641\" aria-expanded=\"false\">Associate in Theology<\/div>\n\t\t\t\t\t<div id=\"elementor-tab-content-2641\" class=\"elementor-tab-content elementor-clearfix\" data-tab=\"1\" role=\"tabpanel\" aria-labelledby=\"elementor-tab-title-2641\" tabindex=\"0\" hidden=\"false\"><p><span style=\"font-weight: 400;\">Prerequisite: Minimum age 17<\/span><\/p><p><span style=\"font-weight: 400;\">Students must complete all 4 courses:<\/span><\/p><p>\u00a0<\/p><ul><li style=\"font-weight: 400;\" aria-level=\"1\"><span style=\"font-weight: 400;\">Genesis \/ Doctrines I<\/span><\/li><li style=\"font-weight: 400;\" aria-level=\"1\"><span style=\"font-weight: 400;\">The Tabernacle \/ Doctrines II<\/span><\/li><li style=\"font-weight: 400;\" aria-level=\"1\"><span style=\"font-weight: 400;\">New Testament Study<\/span><\/li><li style=\"font-weight: 400;\" aria-level=\"1\"><span style=\"font-weight: 400;\">Ministry Leadership\/Apologetics<\/span><\/li><\/ul><\/div>\n\t\t\t\t\t\t\t\t\t<div class=\"elementor-tab-title elementor-tab-mobile-title\" aria-selected=\"false\" data-tab=\"2\" role=\"tab\" tabindex=\"-1\" aria-controls=\"elementor-tab-content-2642\" aria-expanded=\"false\">Bachelor of Christian Ministry<\/div>\n\t\t\t\t\t<div id=\"elementor-tab-content-2642\" class=\"elementor-tab-content elementor-clearfix\" data-tab=\"2\" role=\"tabpanel\" aria-labelledby=\"elementor-tab-title-2642\" tabindex=\"0\" hidden=\"hidden\"><p><span style=\"font-weight: 400;\">Prerequisites: Minimum age 19 years and Associate of Theology Graduate from IBT<\/span><\/p><p><span style=\"font-weight: 400;\">Students must complete all 4 courses:<\/span><\/p><ul><li style=\"font-weight: 400;\" aria-level=\"1\"><span style=\"font-weight: 400;\">Ministry<\/span><\/li><li style=\"font-weight: 400;\" aria-level=\"1\"><span style=\"font-weight: 400;\">Biblical Counseling<\/span><\/li><li style=\"font-weight: 400;\" aria-level=\"1\"><span style=\"font-weight: 400;\">Eschatology I<\/span><\/li><li style=\"font-weight: 400;\" aria-level=\"1\"><span style=\"font-weight: 400;\">Eschatology II<\/span><\/li><\/ul><\/div>\n\t\t\t\t\t\t\t\t\t<div class=\"elementor-tab-title elementor-tab-mobile-title\" aria-selected=\"false\" data-tab=\"3\" role=\"tab\" tabindex=\"-1\" aria-controls=\"elementor-tab-content-2643\" aria-expanded=\"false\">Master of Arts in Biblical Counseling:<\/div>\n\t\t\t\t\t<div id=\"elementor-tab-content-2643\" class=\"elementor-tab-content elementor-clearfix\" data-tab=\"3\" role=\"tabpanel\" aria-labelledby=\"elementor-tab-title-2643\" tabindex=\"0\" hidden=\"hidden\"><p><span style=\"font-weight: 400;\">Prerequisites: Minimum age 20 and Bachelor&#039;s Degree in Christian Ministry IBT<\/span><\/p><p><span style=\"font-weight: 400;\">Students must complete all 4 courses:<\/span><\/p><p>\u00a0<\/p><ul><li style=\"font-weight: 400;\" aria-level=\"1\"><span style=\"font-weight: 400;\">Advanced Biblical Counseling I<\/span><\/li><li style=\"font-weight: 400;\" aria-level=\"1\"><span style=\"font-weight: 400;\">Advanced Biblical Counseling II<\/span><\/li><li style=\"font-weight: 400;\" aria-level=\"1\"><span style=\"font-weight: 400;\">Advanced Biblical Counseling III<\/span><\/li><li style=\"font-weight: 400;\" aria-level=\"1\"><span style=\"font-weight: 400;\">Advanced Biblical Counseling IV<\/span><\/li><\/ul><\/div>\n\t\t\t\t\t\t\t<\/div>\n\t\t<\/div>\n\t\t\t\t\t\t<\/div>\n\t\t\t\t<\/div>\n\t\t\t\t<div class=\"elementor-element elementor-element-0f9c9c5 elementor-widget elementor-widget-heading\" data-id=\"0f9c9c5\" data-element_type=\"widget\" data-widget_type=\"heading.default\">\n\t\t\t\t<div class=\"elementor-widget-container\">\n\t\t\t\t\t<h2 class=\"elementor-heading-title elementor-size-default\">Registration for Fall 2025 classes begins May 1 and ends July 31, 2025.<\/h2>\t\t\t\t<\/div>\n\t\t\t\t<\/div>\n\t\t\t\t<div class=\"elementor-element elementor-element-5b6b602 elementor-widget elementor-widget-text-editor\" data-id=\"5b6b602\" data-element_type=\"widget\" data-widget_type=\"text-editor.default\">\n\t\t\t\t<div class=\"elementor-widget-container\">\n\t\t\t\t\t\t\t\t\t<p><span style=\"font-weight: 400;\">IBT offers an on-campus program and an online program<\/span><\/p><p><span style=\"font-weight: 400;\">Click below to register<\/span><\/p>\t\t\t\t\t\t\t\t<\/div>\n\t\t\t\t<\/div>\n\t\t\t\t<div class=\"elementor-element elementor-element-3c0653e elementor-align-center elementor-widget elementor-widget-button\" data-id=\"3c0653e\" data-element_type=\"widget\" data-widget_type=\"button.default\">\n\t\t\t\t<div class=\"elementor-widget-container\">\n\t\t\t\t\t\t\t\t\t<div class=\"elementor-button-wrapper\">\n\t\t\t\t\t<a class=\"elementor-button elementor-button-link elementor-size-md\" href=\"https:\/\/tbcil.churchcenter.com\/registrations\/events\/2175584\" target=\"_blank\" rel=\"nofollow\">\n\t\t\t\t\t\t<span class=\"elementor-button-content-wrapper\">\n\t\t\t\t\t\t\t\t\t<span class=\"elementor-button-text\">Registration<\/span>\n\t\t\t\t\t<\/span>\n\t\t\t\t\t<\/a>\n\t\t\t\t<\/div>\n\t\t\t\t\t\t\t\t<\/div>\n\t\t\t\t<\/div>\n\t\t\t\t\t<\/div>\n\t\t<\/div>\n\t\t\t\t\t<\/div>\n\t\t<\/section>\n\t\t\t\t<\/div>","protected":false},"excerpt":{"rendered":"<p>El Instituto B\u00edblico Trinity dio inicio en oto\u00f1o de 2024 ALCANZANDO el Mundo \u2026ENSE\u00d1ANDO la Palabra\u2026CUIDANDO la Obra de Cristo \u00a0 Es un gran honor para nosotros que usted este considerando el Instituto B\u00edblico Trinity (IBT) para avanzar su educaci\u00f3n cristiana. El programa IBT mantiene una base b\u00edblica s\u00f3lida y est\u00e1 dise\u00f1ado con una aplicaci\u00f3n [&hellip;]<\/p>\n","protected":false},"author":2,"featured_media":0,"parent":0,"menu_order":0,"comment_status":"closed","ping_status":"closed","template":"","meta":{"footnotes":""},"class_list":["post-937","page","type-page","status-publish","hentry"],"yoast_head":"<!-- This site is optimized with the Yoast SEO plugin v27.4 - https:\/\/yoast.com\/product\/yoast-seo-wordpress\/ -->\n<title>Instituto B\u00edblico Trinity - Iglesia Trinity, Iglesia Hispana<\/title>\n<meta name=\"robots\" content=\"index, follow, max-snippet:-1, max-image-preview:large, max-video-preview:-1\" \/>\n<link rel=\"canonical\" href=\"https:\/\/iglesiatrinity.com\/en\/instituto-biblico-trinity\/\" \/>\n<meta property=\"og:locale\" content=\"en_US\" \/>\n<meta property=\"og:type\" content=\"article\" \/>\n<meta property=\"og:title\" content=\"Instituto B\u00edblico Trinity - Iglesia Trinity, Iglesia Hispana\" \/>\n<meta property=\"og:description\" content=\"El Instituto B\u00edblico Trinity dio inicio en oto\u00f1o de 2024 ALCANZANDO el Mundo \u2026ENSE\u00d1ANDO la Palabra\u2026CUIDANDO la Obra de Cristo \u00a0 Es un gran honor para nosotros que usted este considerando el Instituto B\u00edblico Trinity (IBT) para avanzar su educaci\u00f3n cristiana. El programa IBT mantiene una base b\u00edblica s\u00f3lida y est\u00e1 dise\u00f1ado con una aplicaci\u00f3n [&hellip;]\" \/>\n<meta property=\"og:url\" content=\"https:\/\/iglesiatrinity.com\/en\/instituto-biblico-trinity\/\" \/>\n<meta property=\"og:site_name\" content=\"Iglesia Trinity, Iglesia Hispana\" \/>\n<meta property=\"article:modified_time\" content=\"2025-06-18T16:07:12+00:00\" \/>\n<meta name=\"twitter:card\" content=\"summary_large_image\" \/>\n<meta name=\"twitter:label1\" content=\"Est. reading time\" \/>\n\t<meta name=\"twitter:data1\" content=\"4 minutes\" \/>\n<script type=\"application\/ld+json\" class=\"yoast-schema-graph\">{\"@context\":\"https:\\\/\\\/schema.org\",\"@graph\":[{\"@type\":\"WebPage\",\"@id\":\"https:\\\/\\\/iglesiatrinity.com\\\/instituto-biblico-trinity\\\/\",\"url\":\"https:\\\/\\\/iglesiatrinity.com\\\/instituto-biblico-trinity\\\/\",\"name\":\"Instituto B\u00edblico Trinity - Iglesia Trinity, Iglesia Hispana\",\"isPartOf\":{\"@id\":\"https:\\\/\\\/iglesiatrinity.com\\\/#website\"},\"datePublished\":\"2024-04-01T14:20:28+00:00\",\"dateModified\":\"2025-06-18T16:07:12+00:00\",\"breadcrumb\":{\"@id\":\"https:\\\/\\\/iglesiatrinity.com\\\/instituto-biblico-trinity\\\/#breadcrumb\"},\"inLanguage\":\"en-US\",\"potentialAction\":[{\"@type\":\"ReadAction\",\"target\":[\"https:\\\/\\\/iglesiatrinity.com\\\/instituto-biblico-trinity\\\/\"]}]},{\"@type\":\"BreadcrumbList\",\"@id\":\"https:\\\/\\\/iglesiatrinity.com\\\/instituto-biblico-trinity\\\/#breadcrumb\",\"itemListElement\":[{\"@type\":\"ListItem\",\"position\":1,\"name\":\"Home\",\"item\":\"https:\\\/\\\/iglesiatrinity.com\\\/\"},{\"@type\":\"ListItem\",\"position\":2,\"name\":\"Instituto B\u00edblico Trinity\"}]},{\"@type\":\"WebSite\",\"@id\":\"https:\\\/\\\/iglesiatrinity.com\\\/#website\",\"url\":\"https:\\\/\\\/iglesiatrinity.com\\\/\",\"name\":\"Iglesia Trinity, Iglesia Hispana\",\"description\":\"Un hospital de esperanza\",\"publisher\":{\"@id\":\"https:\\\/\\\/iglesiatrinity.com\\\/#organization\"},\"potentialAction\":[{\"@type\":\"SearchAction\",\"target\":{\"@type\":\"EntryPoint\",\"urlTemplate\":\"https:\\\/\\\/iglesiatrinity.com\\\/?s={search_term_string}\"},\"query-input\":{\"@type\":\"PropertyValueSpecification\",\"valueRequired\":true,\"valueName\":\"search_term_string\"}}],\"inLanguage\":\"en-US\"},{\"@type\":\"Organization\",\"@id\":\"https:\\\/\\\/iglesiatrinity.com\\\/#organization\",\"name\":\"Iglesia Trinity, Iglesia Hispana\",\"url\":\"https:\\\/\\\/iglesiatrinity.com\\\/\",\"logo\":{\"@type\":\"ImageObject\",\"inLanguage\":\"en-US\",\"@id\":\"https:\\\/\\\/iglesiatrinity.com\\\/#\\\/schema\\\/logo\\\/image\\\/\",\"url\":\"https:\\\/\\\/iglesiatrinity.com\\\/wp-content\\\/uploads\\\/2022\\\/05\\\/cropped-Logo-Final-Iglesia-Trinity-Aprobado_Mesa-de-trabajo-1-1-scaled.png\",\"contentUrl\":\"https:\\\/\\\/iglesiatrinity.com\\\/wp-content\\\/uploads\\\/2022\\\/05\\\/cropped-Logo-Final-Iglesia-Trinity-Aprobado_Mesa-de-trabajo-1-1-scaled.png\",\"width\":2321,\"height\":2560,\"caption\":\"Iglesia Trinity, Iglesia Hispana\"},\"image\":{\"@id\":\"https:\\\/\\\/iglesiatrinity.com\\\/#\\\/schema\\\/logo\\\/image\\\/\"}}]}<\/script>\n<!-- \/ Yoast SEO plugin. -->","yoast_head_json":{"title":"Trinity Bible Institute - Trinity Church, Hispanic Church","robots":{"index":"index","follow":"follow","max-snippet":"max-snippet:-1","max-image-preview":"max-image-preview:large","max-video-preview":"max-video-preview:-1"},"canonical":"https:\/\/iglesiatrinity.com\/en\/instituto-biblico-trinity\/","og_locale":"en_US","og_type":"article","og_title":"Instituto B\u00edblico Trinity - Iglesia Trinity, Iglesia Hispana","og_description":"El Instituto B\u00edblico Trinity dio inicio en oto\u00f1o de 2024 ALCANZANDO el Mundo \u2026ENSE\u00d1ANDO la Palabra\u2026CUIDANDO la Obra de Cristo \u00a0 Es un gran honor para nosotros que usted este considerando el Instituto B\u00edblico Trinity (IBT) para avanzar su educaci\u00f3n cristiana. El programa IBT mantiene una base b\u00edblica s\u00f3lida y est\u00e1 dise\u00f1ado con una aplicaci\u00f3n [&hellip;]","og_url":"https:\/\/iglesiatrinity.com\/en\/instituto-biblico-trinity\/","og_site_name":"Iglesia Trinity, Iglesia Hispana","article_modified_time":"2025-06-18T16:07:12+00:00","twitter_card":"summary_large_image","twitter_misc":{"Est. reading time":"4 minutes"},"schema":{"@context":"https:\/\/schema.org","@graph":[{"@type":"WebPage","@id":"https:\/\/iglesiatrinity.com\/instituto-biblico-trinity\/","url":"https:\/\/iglesiatrinity.com\/instituto-biblico-trinity\/","name":"Trinity Bible Institute - Trinity Church, Hispanic Church","isPartOf":{"@id":"https:\/\/iglesiatrinity.com\/#website"},"datePublished":"2024-04-01T14:20:28+00:00","dateModified":"2025-06-18T16:07:12+00:00","breadcrumb":{"@id":"https:\/\/iglesiatrinity.com\/instituto-biblico-trinity\/#breadcrumb"},"inLanguage":"en-US","potentialAction":[{"@type":"ReadAction","target":["https:\/\/iglesiatrinity.com\/instituto-biblico-trinity\/"]}]},{"@type":"BreadcrumbList","@id":"https:\/\/iglesiatrinity.com\/instituto-biblico-trinity\/#breadcrumb","itemListElement":[{"@type":"ListItem","position":1,"name":"Home","item":"https:\/\/iglesiatrinity.com\/"},{"@type":"ListItem","position":2,"name":"Instituto B\u00edblico Trinity"}]},{"@type":"WebSite","@id":"https:\/\/iglesiatrinity.com\/#website","url":"https:\/\/iglesiatrinity.com\/","name":"Trinity Church, Hispanic Church","description":"A hospital of hope","publisher":{"@id":"https:\/\/iglesiatrinity.com\/#organization"},"potentialAction":[{"@type":"SearchAction","target":{"@type":"EntryPoint","urlTemplate":"https:\/\/iglesiatrinity.com\/?s={search_term_string}"},"query-input":{"@type":"PropertyValueSpecification","valueRequired":true,"valueName":"search_term_string"}}],"inLanguage":"en-US"},{"@type":"Organization","@id":"https:\/\/iglesiatrinity.com\/#organization","name":"Trinity Church, Hispanic Church","url":"https:\/\/iglesiatrinity.com\/","logo":{"@type":"ImageObject","inLanguage":"en-US","@id":"https:\/\/iglesiatrinity.com\/#\/schema\/logo\/image\/","url":"https:\/\/iglesiatrinity.com\/wp-content\/uploads\/2022\/05\/cropped-Logo-Final-Iglesia-Trinity-Aprobado_Mesa-de-trabajo-1-1-scaled.png","contentUrl":"https:\/\/iglesiatrinity.com\/wp-content\/uploads\/2022\/05\/cropped-Logo-Final-Iglesia-Trinity-Aprobado_Mesa-de-trabajo-1-1-scaled.png","width":2321,"height":2560,"caption":"Iglesia Trinity, Iglesia Hispana"},"image":{"@id":"https:\/\/iglesiatrinity.com\/#\/schema\/logo\/image\/"}}]}},"_links":{"self":[{"href":"https:\/\/iglesiatrinity.com\/en\/wp-json\/wp\/v2\/pages\/937","targetHints":{"allow":["GET"]}}],"collection":[{"href":"https:\/\/iglesiatrinity.com\/en\/wp-json\/wp\/v2\/pages"}],"about":[{"href":"https:\/\/iglesiatrinity.com\/en\/wp-json\/wp\/v2\/types\/page"}],"author":[{"embeddable":true,"href":"https:\/\/iglesiatrinity.com\/en\/wp-json\/wp\/v2\/users\/2"}],"replies":[{"embeddable":true,"href":"https:\/\/iglesiatrinity.com\/en\/wp-json\/wp\/v2\/comments?post=937"}],"version-history":[{"count":5,"href":"https:\/\/iglesiatrinity.com\/en\/wp-json\/wp\/v2\/pages\/937\/revisions"}],"predecessor-version":[{"id":1348,"href":"https:\/\/iglesiatrinity.com\/en\/wp-json\/wp\/v2\/pages\/937\/revisions\/1348"}],"wp:attachment":[{"href":"https:\/\/iglesiatrinity.com\/en\/wp-json\/wp\/v2\/media?parent=937"}],"curies":[{"name":"wp","href":"https:\/\/api.w.org\/{rel}","templated":true}]}}